{"id":526,"date":"2021-07-30T05:09:35","date_gmt":"2021-07-30T05:09:35","guid":{"rendered":"https:\/\/themegrilldemos.com\/accelerate-free-lifestyle\/cart\/"},"modified":"2025-01-25T22:51:18","modified_gmt":"2025-01-25T21:51:18","slug":"cart","status":"publish","type":"page","link":"https:\/\/test.idav.cz\/?page_id=526","title":{"rendered":"Cart"},"content":{"rendered":"\n<div class=\"wp-block-query is-layout-flow wp-block-query-is-layout-flow\"><ul class=\"wp-block-post-template is-layout-flow wp-block-post-template-is-layout-flow\"><li class=\"wp-block-post post-726 post type-post status-publish format-quote has-post-thumbnail hentry category-uncategorized tag-uncategorized post_format-post-format-quote\">\n\n<div class=\"wp-block-columns alignwide is-layout-flex wp-container-core-columns-is-layout-9d6595d7 wp-block-columns-is-layout-flex\">\n<div class=\"wp-block-column is-layout-flow wp-block-column-is-layout-flow\" style=\"flex-basis:50%\"><figure class=\"wp-block-post-featured-image\"><a href=\"https:\/\/test.idav.cz\/?p=726\" target=\"_self\"  ><img loading=\"lazy\" decoding=\"async\" width=\"2560\" height=\"1707\" src=\"https:\/\/test.idav.cz\/wp-content\/uploads\/2025\/01\/01-scaled.jpg\" class=\"attachment-post-thumbnail size-post-thumbnail wp-post-image\" alt=\"Brambory\" style=\"object-fit:cover;\" srcset=\"https:\/\/test.idav.cz\/wp-content\/uploads\/2025\/01\/01-scaled.jpg 2560w, https:\/\/test.idav.cz\/wp-content\/uploads\/2025\/01\/01-300x200.jpg 300w, https:\/\/test.idav.cz\/wp-content\/uploads\/2025\/01\/01-1024x683.jpg 1024w, https:\/\/test.idav.cz\/wp-content\/uploads\/2025\/01\/01-768x512.jpg 768w, https:\/\/test.idav.cz\/wp-content\/uploads\/2025\/01\/01-1536x1024.jpg 1536w, https:\/\/test.idav.cz\/wp-content\/uploads\/2025\/01\/01-2048x1365.jpg 2048w, https:\/\/test.idav.cz\/wp-content\/uploads\/2025\/01\/01-scaled-2000x1334.jpg 2000w\" sizes=\"auto, (max-width: 2560px) 100vw, 2560px\" \/><\/a><\/figure><\/div>\n\n\n\n<div class=\"wp-block-column is-layout-flow wp-block-column-is-layout-flow\" style=\"flex-basis:33.33%\"><h2 class=\"wp-block-post-title\"><a href=\"https:\/\/test.idav.cz\/?p=726\" target=\"_self\" >Brambory<\/a><\/h2>\n\n<div class=\".hentry {     border-bottom: 1px solid #ccc;     padding-bottom: 3em; } wp-block-post-excerpt\"><p class=\"wp-block-post-excerpt__excerpt\">Restaurace Brambory <\/p><\/div><\/div>\n<\/div>\n\n<\/li><li class=\"wp-block-post post-721 post type-post status-publish format-quote has-post-thumbnail hentry category-uncategorized tag-uncategorized post_format-post-format-quote\">\n\n<div class=\"wp-block-columns alignwide is-layout-flex wp-container-core-columns-is-layout-9d6595d7 wp-block-columns-is-layout-flex\">\n<div class=\"wp-block-column is-layout-flow wp-block-column-is-layout-flow\" style=\"flex-basis:50%\"><figure class=\"wp-block-post-featured-image\"><a href=\"https:\/\/test.idav.cz\/?p=721\" target=\"_self\"  ><img loading=\"lazy\" decoding=\"async\" width=\"2048\" height=\"1498\" src=\"https:\/\/test.idav.cz\/wp-content\/uploads\/2025\/01\/pumpa-r-001_16382588953216_500x750_ttt_90-e1737821446112.jpg?ver=1737824596\" class=\"attachment-post-thumbnail size-post-thumbnail wp-post-image\" alt=\"Pumpa\" style=\"object-fit:cover;\" srcset=\"https:\/\/test.idav.cz\/wp-content\/uploads\/2025\/01\/pumpa-r-001_16382588953216_500x750_ttt_90-e1737821446112.jpg 2048w, https:\/\/test.idav.cz\/wp-content\/uploads\/2025\/01\/pumpa-r-001_16382588953216_500x750_ttt_90-e1737821446112-300x219.jpg 300w, https:\/\/test.idav.cz\/wp-content\/uploads\/2025\/01\/pumpa-r-001_16382588953216_500x750_ttt_90-e1737821446112-1024x749.jpg 1024w, https:\/\/test.idav.cz\/wp-content\/uploads\/2025\/01\/pumpa-r-001_16382588953216_500x750_ttt_90-e1737821446112-768x562.jpg 768w, https:\/\/test.idav.cz\/wp-content\/uploads\/2025\/01\/pumpa-r-001_16382588953216_500x750_ttt_90-e1737821446112-1536x1124.jpg 1536w, https:\/\/test.idav.cz\/wp-content\/uploads\/2025\/01\/pumpa-r-001_16382588953216_500x750_ttt_90-e1737821446112-2000x1463.jpg 2000w\" sizes=\"auto, (max-width: 2048px) 100vw, 2048px\" \/><\/a><\/figure><\/div>\n\n\n\n<div class=\"wp-block-column is-layout-flow wp-block-column-is-layout-flow\" style=\"flex-basis:33.33%\"><h2 class=\"wp-block-post-title\"><a href=\"https:\/\/test.idav.cz\/?p=721\" target=\"_self\" >Pumpa<\/a><\/h2>\n\n<div class=\".hentry {     border-bottom: 1px solid #ccc;     padding-bottom: 3em; } wp-block-post-excerpt\"><p class=\"wp-block-post-excerpt__excerpt\">\u010cerpac\u00ed stanice Pumpa <\/p><\/div><\/div>\n<\/div>\n\n<\/li><li class=\"wp-block-post post-695 post type-post status-publish format-quote has-post-thumbnail hentry category-uncategorized tag-uncategorized post_format-post-format-quote\">\n\n<div class=\"wp-block-columns alignwide is-layout-flex wp-container-core-columns-is-layout-9d6595d7 wp-block-columns-is-layout-flex\">\n<div class=\"wp-block-column is-layout-flow wp-block-column-is-layout-flow\" style=\"flex-basis:50%\"><figure class=\"wp-block-post-featured-image\"><a href=\"https:\/\/test.idav.cz\/?p=695\" target=\"_self\"  ><img loading=\"lazy\" decoding=\"async\" width=\"1450\" height=\"800\" src=\"https:\/\/test.idav.cz\/wp-content\/uploads\/2025\/01\/The-Julius-Prague-entrance.avif\" class=\"attachment-post-thumbnail size-post-thumbnail wp-post-image\" alt=\"The Julius\" style=\"object-fit:cover;\" srcset=\"https:\/\/test.idav.cz\/wp-content\/uploads\/2025\/01\/The-Julius-Prague-entrance.avif 1450w, https:\/\/test.idav.cz\/wp-content\/uploads\/2025\/01\/The-Julius-Prague-entrance-300x166.jpg 300w, https:\/\/test.idav.cz\/wp-content\/uploads\/2025\/01\/The-Julius-Prague-entrance-1024x565.jpg 1024w, https:\/\/test.idav.cz\/wp-content\/uploads\/2025\/01\/The-Julius-Prague-entrance-768x424.jpg 768w, https:\/\/test.idav.cz\/wp-content\/uploads\/2025\/01\/The-Julius-Prague-entrance-600x330.jpg 600w\" sizes=\"auto, (max-width: 1450px) 100vw, 1450px\" \/><\/a><\/figure><\/div>\n\n\n\n<div class=\"wp-block-column is-layout-flow wp-block-column-is-layout-flow\" style=\"flex-basis:33.33%\"><h2 class=\"wp-block-post-title\"><a href=\"https:\/\/test.idav.cz\/?p=695\" target=\"_self\" >The Julius<\/a><\/h2>\n\n<div class=\".hentry {     border-bottom: 1px solid #ccc;     padding-bottom: 3em; } wp-block-post-excerpt\"><p class=\"wp-block-post-excerpt__excerpt\">Hotel The Julius <\/p><\/div><\/div>\n<\/div>\n\n<\/li><li class=\"wp-block-post post-678 post type-post status-publish format-quote has-post-thumbnail hentry category-uncategorized tag-uncategorized post_format-post-format-quote\">\n\n<div class=\"wp-block-columns alignwide is-layout-flex wp-container-core-columns-is-layout-9d6595d7 wp-block-columns-is-layout-flex\">\n<div class=\"wp-block-column is-layout-flow wp-block-column-is-layout-flow\" style=\"flex-basis:50%\"><figure class=\"wp-block-post-featured-image\"><a href=\"https:\/\/test.idav.cz\/?p=678\" target=\"_self\"  ><img loading=\"lazy\" decoding=\"async\" width=\"2560\" height=\"1920\" src=\"https:\/\/test.idav.cz\/wp-content\/uploads\/2025\/01\/IMG_0037-scaled.jpg\" class=\"attachment-post-thumbnail size-post-thumbnail wp-post-image\" alt=\"Casino Banco\" style=\"object-fit:cover;\" srcset=\"https:\/\/test.idav.cz\/wp-content\/uploads\/2025\/01\/IMG_0037-scaled.jpg 2560w, https:\/\/test.idav.cz\/wp-content\/uploads\/2025\/01\/IMG_0037-300x225.jpg 300w, https:\/\/test.idav.cz\/wp-content\/uploads\/2025\/01\/IMG_0037-1024x768.jpg 1024w, https:\/\/test.idav.cz\/wp-content\/uploads\/2025\/01\/IMG_0037-768x576.jpg 768w, https:\/\/test.idav.cz\/wp-content\/uploads\/2025\/01\/IMG_0037-1536x1152.jpg 1536w, https:\/\/test.idav.cz\/wp-content\/uploads\/2025\/01\/IMG_0037-2048x1536.jpg 2048w, https:\/\/test.idav.cz\/wp-content\/uploads\/2025\/01\/IMG_0037-scaled-2000x1500.jpg 2000w\" sizes=\"auto, (max-width: 2560px) 100vw, 2560px\" \/><\/a><\/figure><\/div>\n\n\n\n<div class=\"wp-block-column is-layout-flow wp-block-column-is-layout-flow\" style=\"flex-basis:33.33%\"><h2 class=\"wp-block-post-title\"><a href=\"https:\/\/test.idav.cz\/?p=678\" target=\"_self\" >Casino Banco<\/a><\/h2>\n\n<div class=\".hentry {     border-bottom: 1px solid #ccc;     padding-bottom: 3em; } wp-block-post-excerpt\"><p class=\"wp-block-post-excerpt__excerpt\">Casino Banco <\/p><\/div><\/div>\n<\/div>\n\n<\/li><li class=\"wp-block-post post-674 post type-post status-publish format-quote has-post-thumbnail hentry category-uncategorized tag-uncategorized post_format-post-format-quote\">\n\n<div class=\"wp-block-columns alignwide is-layout-flex wp-container-core-columns-is-layout-9d6595d7 wp-block-columns-is-layout-flex\">\n<div class=\"wp-block-column is-layout-flow wp-block-column-is-layout-flow\" style=\"flex-basis:50%\"><figure class=\"wp-block-post-featured-image\"><a href=\"https:\/\/test.idav.cz\/?p=674\" target=\"_self\"  ><img loading=\"lazy\" decoding=\"async\" width=\"2560\" height=\"1920\" src=\"https:\/\/test.idav.cz\/wp-content\/uploads\/2025\/01\/IMG_8360-scaled.jpg\" class=\"attachment-post-thumbnail size-post-thumbnail wp-post-image\" alt=\"Turnovsk\u00e1 pivnice Na Luk\u00e1ch -Turnov\" style=\"object-fit:cover;\" srcset=\"https:\/\/test.idav.cz\/wp-content\/uploads\/2025\/01\/IMG_8360-scaled.jpg 2560w, https:\/\/test.idav.cz\/wp-content\/uploads\/2025\/01\/IMG_8360-300x225.jpg 300w, https:\/\/test.idav.cz\/wp-content\/uploads\/2025\/01\/IMG_8360-1024x768.jpg 1024w, https:\/\/test.idav.cz\/wp-content\/uploads\/2025\/01\/IMG_8360-768x576.jpg 768w, https:\/\/test.idav.cz\/wp-content\/uploads\/2025\/01\/IMG_8360-1536x1152.jpg 1536w, https:\/\/test.idav.cz\/wp-content\/uploads\/2025\/01\/IMG_8360-2048x1536.jpg 2048w, https:\/\/test.idav.cz\/wp-content\/uploads\/2025\/01\/IMG_8360-scaled-2000x1500.jpg 2000w\" sizes=\"auto, (max-width: 2560px) 100vw, 2560px\" \/><\/a><\/figure><\/div>\n\n\n\n<div class=\"wp-block-column is-layout-flow wp-block-column-is-layout-flow\" style=\"flex-basis:33.33%\"><h2 class=\"wp-block-post-title\"><a href=\"https:\/\/test.idav.cz\/?p=674\" target=\"_self\" >Turnovsk\u00e1 pivnice Na Luk\u00e1ch -Turnov<\/a><\/h2>\n\n<div class=\".hentry {     border-bottom: 1px solid #ccc;     padding-bottom: 3em; } wp-block-post-excerpt\"><p class=\"wp-block-post-excerpt__excerpt\">Velk\u00e1 smute\u010dn\u00ed s\u00ed\u0148 <\/p><\/div><\/div>\n<\/div>\n\n<\/li><li class=\"wp-block-post post-660 post type-post status-publish format-quote has-post-thumbnail hentry category-uncategorized tag-uncategorized post_format-post-format-quote\">\n\n<div class=\"wp-block-columns alignwide is-layout-flex wp-container-core-columns-is-layout-9d6595d7 wp-block-columns-is-layout-flex\">\n<div class=\"wp-block-column is-layout-flow wp-block-column-is-layout-flow\" style=\"flex-basis:50%\"><figure class=\"wp-block-post-featured-image\"><a href=\"https:\/\/test.idav.cz\/?p=660\" target=\"_self\"  ><img loading=\"lazy\" decoding=\"async\" width=\"2560\" height=\"1920\" src=\"https:\/\/test.idav.cz\/wp-content\/uploads\/2025\/01\/IMG_9999-scaled.jpg\" class=\"attachment-post-thumbnail size-post-thumbnail wp-post-image\" alt=\"Restaurace Mark\u00e9ta\" style=\"object-fit:cover;\" srcset=\"https:\/\/test.idav.cz\/wp-content\/uploads\/2025\/01\/IMG_9999-scaled.jpg 2560w, https:\/\/test.idav.cz\/wp-content\/uploads\/2025\/01\/IMG_9999-300x225.jpg 300w, https:\/\/test.idav.cz\/wp-content\/uploads\/2025\/01\/IMG_9999-1024x768.jpg 1024w, https:\/\/test.idav.cz\/wp-content\/uploads\/2025\/01\/IMG_9999-768x576.jpg 768w, https:\/\/test.idav.cz\/wp-content\/uploads\/2025\/01\/IMG_9999-1536x1152.jpg 1536w, https:\/\/test.idav.cz\/wp-content\/uploads\/2025\/01\/IMG_9999-2048x1536.jpg 2048w, https:\/\/test.idav.cz\/wp-content\/uploads\/2025\/01\/IMG_9999-scaled-2000x1500.jpg 2000w\" sizes=\"auto, (max-width: 2560px) 100vw, 2560px\" \/><\/a><\/figure><\/div>\n\n\n\n<div class=\"wp-block-column is-layout-flow wp-block-column-is-layout-flow\" style=\"flex-basis:33.33%\"><h2 class=\"wp-block-post-title\"><a href=\"https:\/\/test.idav.cz\/?p=660\" target=\"_self\" >Restaurace Mark\u00e9ta<\/a><\/h2>\n\n<div class=\".hentry {     border-bottom: 1px solid #ccc;     padding-bottom: 3em; } wp-block-post-excerpt\"><p class=\"wp-block-post-excerpt__excerpt\">Restaurace Mark\u00e9ta v Kr\u00e1lovic\u00edch na okraji Prahy je zam\u011b\u0159ena na modern\u00ed \u010deskou kuchyni a grilovan\u00e1 masa p\u0159ipraven\u00e1 na unik\u00e1tn\u00edm Josper grilu. Se svou preciznost\u00ed a kreativitou za v\u0161\u00edm pevn\u011b stoj\u00ed \u0161\u00e9fkucha\u0159 Miroslav Dvo\u0159\u00e1k, kter\u00fd vyb\u00edr\u00e1 a pou\u017e\u00edv\u00e1 kvalitn\u00ed suroviny v\u00fdhradn\u011b <\/p><\/div><\/div>\n<\/div>\n\n<\/li><li class=\"wp-block-post post-621 post type-post status-publish format-quote has-post-thumbnail hentry category-uncategorized tag-uncategorized post_format-post-format-quote\">\n\n<div class=\"wp-block-columns alignwide is-layout-flex wp-container-core-columns-is-layout-9d6595d7 wp-block-columns-is-layout-flex\">\n<div class=\"wp-block-column is-layout-flow wp-block-column-is-layout-flow\" style=\"flex-basis:50%\"><figure class=\"wp-block-post-featured-image\"><a href=\"https:\/\/test.idav.cz\/?p=621\" target=\"_self\"  ><img loading=\"lazy\" decoding=\"async\" width=\"1920\" height=\"1442\" src=\"https:\/\/test.idav.cz\/wp-content\/uploads\/2025\/01\/IMG_1917-scaled-e1737816969895.jpg\" class=\"attachment-post-thumbnail size-post-thumbnail wp-post-image\" alt=\"Krematorium Stra\u0161nice\" style=\"object-fit:cover;\" srcset=\"https:\/\/test.idav.cz\/wp-content\/uploads\/2025\/01\/IMG_1917-scaled-e1737816969895.jpg 1920w, https:\/\/test.idav.cz\/wp-content\/uploads\/2025\/01\/IMG_1917-scaled-e1737816969895-300x225.jpg 300w, https:\/\/test.idav.cz\/wp-content\/uploads\/2025\/01\/IMG_1917-scaled-e1737816969895-1024x769.jpg 1024w, https:\/\/test.idav.cz\/wp-content\/uploads\/2025\/01\/IMG_1917-scaled-e1737816969895-768x577.jpg 768w, https:\/\/test.idav.cz\/wp-content\/uploads\/2025\/01\/IMG_1917-scaled-e1737816969895-1536x1154.jpg 1536w\" sizes=\"auto, (max-width: 1920px) 100vw, 1920px\" \/><\/a><\/figure><\/div>\n\n\n\n<div class=\"wp-block-column is-layout-flow wp-block-column-is-layout-flow\" style=\"flex-basis:33.33%\"><h2 class=\"wp-block-post-title\"><a href=\"https:\/\/test.idav.cz\/?p=621\" target=\"_self\" >Krematorium Stra\u0161nice<\/a><\/h2>\n\n<div class=\".hentry {     border-bottom: 1px solid #ccc;     padding-bottom: 3em; } wp-block-post-excerpt\"><p class=\"wp-block-post-excerpt__excerpt\">Velk\u00e1 smute\u010dn\u00ed s\u00ed\u0148 <\/p><\/div><\/div>\n<\/div>\n\n<\/li><li class=\"wp-block-post post-109 post type-post status-publish format-quote has-post-thumbnail hentry category-uncategorized tag-uncategorized post_format-post-format-quote\">\n\n<div class=\"wp-block-columns alignwide is-layout-flex wp-container-core-columns-is-layout-9d6595d7 wp-block-columns-is-layout-flex\">\n<div class=\"wp-block-column is-layout-flow wp-block-column-is-layout-flow\" style=\"flex-basis:50%\"><figure class=\"wp-block-post-featured-image\"><a href=\"https:\/\/test.idav.cz\/?p=109\" target=\"_self\"  ><img loading=\"lazy\" decoding=\"async\" width=\"2560\" height=\"1920\" src=\"https:\/\/test.idav.cz\/wp-content\/uploads\/2014\/05\/IMG_1327-scaled.jpg\" class=\"attachment-post-thumbnail size-post-thumbnail wp-post-image\" alt=\"ZU\u0160\" style=\"object-fit:cover;\" srcset=\"https:\/\/test.idav.cz\/wp-content\/uploads\/2014\/05\/IMG_1327-scaled.jpg 2560w, https:\/\/test.idav.cz\/wp-content\/uploads\/2014\/05\/IMG_1327-300x225.jpg 300w, https:\/\/test.idav.cz\/wp-content\/uploads\/2014\/05\/IMG_1327-1024x768.jpg 1024w, https:\/\/test.idav.cz\/wp-content\/uploads\/2014\/05\/IMG_1327-768x576.jpg 768w, https:\/\/test.idav.cz\/wp-content\/uploads\/2014\/05\/IMG_1327-1536x1152.jpg 1536w, https:\/\/test.idav.cz\/wp-content\/uploads\/2014\/05\/IMG_1327-2048x1536.jpg 2048w, https:\/\/test.idav.cz\/wp-content\/uploads\/2014\/05\/IMG_1327-scaled-2000x1500.jpg 2000w\" sizes=\"auto, (max-width: 2560px) 100vw, 2560px\" \/><\/a><\/figure><\/div>\n\n\n\n<div class=\"wp-block-column is-layout-flow wp-block-column-is-layout-flow\" style=\"flex-basis:33.33%\"><h2 class=\"wp-block-post-title\"><a href=\"https:\/\/test.idav.cz\/?p=109\" target=\"_self\" >ZU\u0160<\/a><\/h2>\n\n<div class=\".hentry {     border-bottom: 1px solid #ccc;     padding-bottom: 3em; } wp-block-post-excerpt\"><p class=\"wp-block-post-excerpt__excerpt\">Z\u00e1kladn\u00ed um\u011bleck\u00e1 \u0161kola <\/p><\/div><\/div>\n<\/div>\n\n<\/li><\/ul><\/div>\n","protected":false},"excerpt":{"rendered":"","protected":false},"author":1,"featured_media":0,"parent":0,"menu_order":5,"comment_status":"closed","ping_status":"closed","template":"","meta":{"iawp_total_views":0,"footnotes":""},"folder":[],"class_list":["post-526","page","type-page","status-publish","hentry"],"_links":{"self":[{"href":"https:\/\/test.idav.cz\/index.php?rest_route=\/wp\/v2\/pages\/526","targetHints":{"allow":["GET"]}}],"collection":[{"href":"https:\/\/test.idav.cz\/index.php?rest_route=\/wp\/v2\/pages"}],"about":[{"href":"https:\/\/test.idav.cz\/index.php?rest_route=\/wp\/v2\/types\/page"}],"author":[{"embeddable":true,"href":"https:\/\/test.idav.cz\/index.php?rest_route=\/wp\/v2\/users\/1"}],"replies":[{"embeddable":true,"href":"https:\/\/test.idav.cz\/index.php?rest_route=%2Fwp%2Fv2%2Fcomments&post=526"}],"version-history":[{"count":5,"href":"https:\/\/test.idav.cz\/index.php?rest_route=\/wp\/v2\/pages\/526\/revisions"}],"predecessor-version":[{"id":813,"href":"https:\/\/test.idav.cz\/index.php?rest_route=\/wp\/v2\/pages\/526\/revisions\/813"}],"wp:attachment":[{"href":"https:\/\/test.idav.cz\/index.php?rest_route=%2Fwp%2Fv2%2Fmedia&parent=526"}],"wp:term":[{"taxonomy":"folder","embeddable":true,"href":"https:\/\/test.idav.cz\/index.php?rest_route=%2Fwp%2Fv2%2Ffolder&post=526"}],"curies":[{"name":"wp","href":"https:\/\/api.w.org\/{rel}","templated":true}]}}